{"id":1062,"date":"2023-05-04T16:25:01","date_gmt":"2023-05-04T14:25:01","guid":{"rendered":"http:\/\/opyhrca.cluster028.hosting.ovh.net\/?page_id=1062"},"modified":"2023-06-29T17:57:34","modified_gmt":"2023-06-29T15:57:34","slug":"banco-santander-case-study","status":"publish","type":"page","link":"https:\/\/ideas4allinnovation.com\/en\/clientes\/banco-santander-case-study\/","title":{"rendered":"Banco Santander Case Study"},"content":{"rendered":"<div data-elementor-type=\"wp-page\" data-elementor-id=\"1062\" class=\"elementor elementor-1062\" data-elementor-post-type=\"page\">\n\t\t\t\t\t\t<section class=\"elementor-section elementor-top-section elementor-element elementor-element-7ed650f elementor-reverse-mobile elementor-section-boxed elementor-section-height-default elementor-section-height-default wpr-particle-no wpr-jarallax-no wpr-parallax-no wpr-sticky-section-no\" data-id=\"7ed650f\" data-element_type=\"section\" data-settings=\"{&quot;background_background&quot;:&quot;classic&quot;}\">\n\t\t\t\t\t\t<div class=\"elementor-container elementor-column-gap-wider\">\n\t\t\t\t\t<div class=\"elementor-column elementor-col-50 elementor-top-column elementor-element elementor-element-79de074\" data-id=\"79de074\" data-element_type=\"column\">\n\t\t\t<div class=\"elementor-widget-wrap elementor-element-populated\">\n\t\t\t\t\t\t<div class=\"elementor-element elementor-element-9ab2d85 elementor-widget elementor-widget-image\" data-id=\"9ab2d85\" data-element_type=\"widget\" data-widget_type=\"image.default\">\n\t\t\t\t<div class=\"elementor-widget-container\">\n\t\t\t<style>\/*! elementor - v3.20.0 - 13-03-2024 *\/\n.elementor-widget-image{text-align:center}.elementor-widget-image a{display:inline-block}.elementor-widget-image a img[src$=\".svg\"]{width:48px}.elementor-widget-image img{vertical-align:middle;display:inline-block}<\/style>\t\t\t\t\t\t\t\t\t\t<img fetchpriority=\"high\" decoding=\"async\" width=\"1024\" height=\"181\" src=\"https:\/\/ideas4allinnovation.com\/wp-content\/uploads\/2023\/03\/Banco_Santander_Logotipo.svg_-1024x181.png\" class=\"attachment-large size-large wp-image-416\" alt=\"banco_santander_logotipo-svg\" srcset=\"https:\/\/ideas4allinnovation.com\/wp-content\/uploads\/2023\/03\/Banco_Santander_Logotipo.svg_-1024x181.png 1024w, https:\/\/ideas4allinnovation.com\/wp-content\/uploads\/2023\/03\/Banco_Santander_Logotipo.svg_-300x53.png 300w, https:\/\/ideas4allinnovation.com\/wp-content\/uploads\/2023\/03\/Banco_Santander_Logotipo.svg_-768x136.png 768w, https:\/\/ideas4allinnovation.com\/wp-content\/uploads\/2023\/03\/Banco_Santander_Logotipo.svg_-1536x271.png 1536w, https:\/\/ideas4allinnovation.com\/wp-content\/uploads\/2023\/03\/Banco_Santander_Logotipo.svg_-2048x362.png 2048w, https:\/\/ideas4allinnovation.com\/wp-content\/uploads\/2023\/03\/Banco_Santander_Logotipo.svg_-18x3.png 18w\" sizes=\"(max-width: 1024px) 100vw, 1024px\" \/>\t\t\t\t\t\t\t\t\t\t\t\t\t<\/div>\n\t\t\t\t<\/div>\n\t\t\t\t<div class=\"elementor-element elementor-element-a58dd0f elementor-widget elementor-widget-spacer\" data-id=\"a58dd0f\" data-element_type=\"widget\" data-widget_type=\"spacer.default\">\n\t\t\t\t<div class=\"elementor-widget-container\">\n\t\t\t<style>\/*! elementor - v3.20.0 - 13-03-2024 *\/\n.elementor-column .elementor-spacer-inner{height:var(--spacer-size)}.e-con{--container-widget-width:100%}.e-con-inner>.elementor-widget-spacer,.e-con>.elementor-widget-spacer{width:var(--container-widget-width,var(--spacer-size));--align-self:var(--container-widget-align-self,initial);--flex-shrink:0}.e-con-inner>.elementor-widget-spacer>.elementor-widget-container,.e-con>.elementor-widget-spacer>.elementor-widget-container{height:100%;width:100%}.e-con-inner>.elementor-widget-spacer>.elementor-widget-container>.elementor-spacer,.e-con>.elementor-widget-spacer>.elementor-widget-container>.elementor-spacer{height:100%}.e-con-inner>.elementor-widget-spacer>.elementor-widget-container>.elementor-spacer>.elementor-spacer-inner,.e-con>.elementor-widget-spacer>.elementor-widget-container>.elementor-spacer>.elementor-spacer-inner{height:var(--container-widget-height,var(--spacer-size))}.e-con-inner>.elementor-widget-spacer.elementor-widget-empty,.e-con>.elementor-widget-spacer.elementor-widget-empty{position:relative;min-height:22px;min-width:22px}.e-con-inner>.elementor-widget-spacer.elementor-widget-empty .elementor-widget-empty-icon,.e-con>.elementor-widget-spacer.elementor-widget-empty .elementor-widget-empty-icon{position:absolute;top:0;bottom:0;left:0;right:0;margin:auto;padding:0;width:22px;height:22px}<\/style>\t\t<div class=\"elementor-spacer\">\n\t\t\t<div class=\"elementor-spacer-inner\"><\/div>\n\t\t<\/div>\n\t\t\t\t<\/div>\n\t\t\t\t<\/div>\n\t\t\t\t<div class=\"elementor-element elementor-element-6b12656 elementor-widget elementor-widget-heading\" data-id=\"6b12656\" data-element_type=\"widget\" data-widget_type=\"heading.default\">\n\t\t\t\t<div class=\"elementor-widget-container\">\n\t\t\t<style>\/*! elementor - v3.20.0 - 13-03-2024 *\/\n.elementor-heading-title{padding:0;margin:0;line-height:1}.elementor-widget-heading .elementor-heading-title[class*=elementor-size-]>a{color:inherit;font-size:inherit;line-height:inherit}.elementor-widget-heading .elementor-heading-title.elementor-size-small{font-size:15px}.elementor-widget-heading .elementor-heading-title.elementor-size-medium{font-size:19px}.elementor-widget-heading .elementor-heading-title.elementor-size-large{font-size:29px}.elementor-widget-heading .elementor-heading-title.elementor-size-xl{font-size:39px}.elementor-widget-heading .elementor-heading-title.elementor-size-xxl{font-size:59px}<\/style><h2 class=\"elementor-heading-title elementor-size-default\">Banco Santander, un banco abierto\na sus empleados y clientes.<\/h2>\t\t<\/div>\n\t\t\t\t<\/div>\n\t\t\t\t<div class=\"elementor-element elementor-element-276fbb8 elementor-widget elementor-widget-heading\" data-id=\"276fbb8\" data-element_type=\"widget\" data-widget_type=\"heading.default\">\n\t\t\t\t<div class=\"elementor-widget-container\">\n\t\t\t<h3 class=\"elementor-heading-title elementor-size-default\">Banco Santander abre su programa corporativo de innovaci\u00f3n a la participaci\u00f3n de sus empleados y clientes. A trav\u00e9s de dos comunidades de innovaci\u00f3n, recaba las ideas de ambos colectivos para impulsar una banca de \u00e9xito m\u00e1s cercana a la sociedad, bajo los valores sencillo, personal y justo.<\/h3>\t\t<\/div>\n\t\t\t\t<\/div>\n\t\t\t\t\t<\/div>\n\t\t<\/div>\n\t\t\t\t<div class=\"elementor-column elementor-col-50 elementor-top-column elementor-element elementor-element-5a2811a\" data-id=\"5a2811a\" data-element_type=\"column\">\n\t\t\t<div class=\"elementor-widget-wrap elementor-element-populated\">\n\t\t\t\t\t\t<div class=\"elementor-element elementor-element-3dbc316 elementor-widget elementor-widget-shortcode\" data-id=\"3dbc316\" data-element_type=\"widget\" data-widget_type=\"shortcode.default\">\n\t\t\t\t<div class=\"elementor-widget-container\">\n\t\t\t\t\t<div class=\"elementor-shortcode\"><div class=\"wpcf7 no-js\" id=\"wpcf7-f878-o1\" lang=\"es-ES\" dir=\"ltr\">\n<div class=\"screen-reader-response\">\n<p role=\"status\" aria-live=\"polite\" aria-atomic=\"true\"><\/p> <ul><\/ul>\n<\/div>\n<form action=\"\/en\/wp-json\/wp\/v2\/pages\/1062#wpcf7-f878-o1\" method=\"post\" class=\"wpcf7-form init\" aria-label=\"Formulario de contacto\" novalidate=\"novalidate\" data-status=\"init\" data-trp-original-action=\"\/en\/wp-json\/wp\/v2\/pages\/1062#wpcf7-f878-o1\">\n<label class=\"ebd_input\"><input type=\"hidden\" name=\"ebd_downloads[]\" value=\"1087|Santander Case Study\"> <\/label><input type=\"hidden\" class=\"ebd_setting\" name=\"ebd_settings[]\" value=\"title|Santander Case Study\"><input type=\"hidden\" class=\"ebd_setting\" name=\"ebd_settings[]\" value=\"delivered_as|send email\"><input type=\"hidden\" class=\"ebd_setting\" name=\"ebd_settings[]\" value=\"hide_form|no\"><input type=\"hidden\" class=\"ebd_setting\" name=\"ebd_settings[]\" value=\"radio|no\"><input type=\"hidden\" class=\"ebd_setting\" name=\"ebd_settings[]\" value=\"link_format|_blank\"><input type=\"hidden\" class=\"ebd_setting\" name=\"ebd_settings[]\" value=\"file_thumbnail|no\"><input type=\"hidden\" class=\"ebd_setting\" name=\"ebd_settings[]\" value=\"item_id|13\"><input type=\"hidden\" class=\"ebd_setting\" name=\"ebd_settings[]\" value=\"form_id|wpcf7-f878-o1\"><div style=\"display: none;\">\n<input type=\"hidden\" name=\"_wpcf7\" value=\"878\">\n<input type=\"hidden\" name=\"_wpcf7_version\" value=\"5.7.3\">\n<input type=\"hidden\" name=\"_wpcf7_locale\" value=\"es_ES\">\n<input type=\"hidden\" name=\"_wpcf7_unit_tag\" value=\"wpcf7-f878-o1\">\n<input type=\"hidden\" name=\"_wpcf7_container_post\" value=\"0\">\n<input type=\"hidden\" name=\"_wpcf7_posted_data_hash\" value=\"\">\n<\/div>\n<p><label> Nombre *<br>\n<span class=\"wpcf7-form-control-wrap\" data-name=\"your-name\"><input size=\"40\" class=\"wpcf7-form-control wpcf7-text wpcf7-validates-as-required\" aria-required=\"true\" aria-invalid=\"false\" value=\"\" type=\"text\" name=\"your-name\"><\/span> <\/label>\n<\/p>\n<p><label> Empresa *<br>\n<span class=\"wpcf7-form-control-wrap\" data-name=\"your-company\"><input size=\"40\" class=\"wpcf7-form-control wpcf7-text wpcf7-validates-as-required\" aria-required=\"true\" aria-invalid=\"false\" value=\"\" type=\"text\" name=\"your-company\"><\/span> <\/label>\n<\/p>\n<p><label> Correo electr&oacute;nico de empresa *<br>\n<span class=\"wpcf7-form-control-wrap\" data-name=\"your-email\"><input size=\"40\" class=\"wpcf7-form-control wpcf7-text wpcf7-email wpcf7-validates-as-required wpcf7-validates-as-email\" aria-required=\"true\" aria-invalid=\"false\" value=\"\" type=\"email\" name=\"your-email\"><\/span> <\/label>\n<\/p>\n<p><label> Cargo *<br>\n<span class=\"wpcf7-form-control-wrap\" data-name=\"text-389\"><input size=\"40\" class=\"wpcf7-form-control wpcf7-text\" aria-invalid=\"false\" value=\"\" type=\"text\" name=\"text-389\"><\/span><\/label>\n<\/p>\n<p><label> Tel&eacute;fono<br>\n<span class=\"wpcf7-form-control-wrap\" data-name=\"tel-121\"><input size=\"40\" class=\"wpcf7-form-control wpcf7-text wpcf7-tel wpcf7-validates-as-tel\" aria-invalid=\"false\" value=\"\" type=\"tel\" name=\"tel-121\"><\/span> <\/label>\n<\/p>\n<p><label><br>\n<span class=\"wpcf7-form-control-wrap\" data-name=\"checkbox-889\"><span class=\"wpcf7-form-control wpcf7-checkbox\"><span class=\"wpcf7-list-item first last\"><input type=\"checkbox\" name=\"checkbox-889[]\" value=\"Acepto la pol&iacute;tica de privacidad\" tabindex=\"\"><span class=\"wpcf7-list-item-label\">Acepto la pol&iacute;tica de privacidad<\/span><\/span><\/span><\/span><\/label>\n<\/p>\n<p><input class=\"wpcf7-form-control has-spinner wpcf7-submit\" type=\"submit\" value=\"Descargar pdf\">\n<\/p>\n<p><script>\n document.getElementsByClassName(\"wpcf7-submit\")[0].addEventListener(\"click\", sendEvent);\n function sendEvent() {\n ga('send', 'event', 'casestudyES', 'descargar');\n }\n<\/script>\n<\/p>\n<div class=\"wpcf7-response-output\" aria-hidden=\"true\"><\/div>\n<input type=\"hidden\" name=\"trp-form-language\" value=\"en\"\/><\/form>\n<\/div>\n<\/div>\n\t\t\t\t<\/div>\n\t\t\t\t<\/div>\n\t\t\t\t\t<\/div>\n\t\t<\/div>\n\t\t\t\t\t<\/div>\n\t\t<\/section>\n\t\t\t\t<section class=\"elementor-section elementor-top-section elementor-element elementor-element-b609f92 elementor-section-boxed elementor-section-height-default elementor-section-height-default wpr-particle-no wpr-jarallax-no wpr-parallax-no wpr-sticky-section-no\" data-id=\"b609f92\" data-element_type=\"section\">\n\t\t\t\t\t\t<div class=\"elementor-container elementor-column-gap-default\">\n\t\t\t\t\t<div class=\"elementor-column elementor-col-100 elementor-top-column elementor-element elementor-element-a2bfadc\" data-id=\"a2bfadc\" data-element_type=\"column\" data-settings=\"{&quot;background_background&quot;:&quot;classic&quot;}\">\n\t\t\t<div class=\"elementor-widget-wrap elementor-element-populated\">\n\t\t\t\t\t\t<section class=\"elementor-section elementor-inner-section elementor-element elementor-element-5b114f99 elementor-section-boxed elementor-section-height-default elementor-section-height-default wpr-particle-no wpr-jarallax-no wpr-parallax-no wpr-sticky-section-no\" data-id=\"5b114f99\" data-element_type=\"section\">\n\t\t\t\t\t\t<div class=\"elementor-container elementor-column-gap-default\">\n\t\t\t\t\t<div class=\"elementor-column elementor-col-50 elementor-inner-column elementor-element elementor-element-505d8c3\" data-id=\"505d8c3\" data-element_type=\"column\">\n\t\t\t<div class=\"elementor-widget-wrap elementor-element-populated\">\n\t\t\t\t\t\t<div class=\"elementor-element elementor-element-23d6dedc elementor-widget elementor-widget-image\" data-id=\"23d6dedc\" data-element_type=\"widget\" data-widget_type=\"image.default\">\n\t\t\t\t<div class=\"elementor-widget-container\">\n\t\t\t\t\t\t\t\t\t\t\t\t\t<img decoding=\"async\" width=\"400\" height=\"400\" src=\"https:\/\/ideas4allinnovation.com\/wp-content\/uploads\/2023\/05\/santandercendoya2.png\" class=\"attachment-large size-large wp-image-1080\" alt=\"santandercendoya2\" srcset=\"https:\/\/ideas4allinnovation.com\/wp-content\/uploads\/2023\/05\/santandercendoya2.png 400w, https:\/\/ideas4allinnovation.com\/wp-content\/uploads\/2023\/05\/santandercendoya2-300x300.png 300w, https:\/\/ideas4allinnovation.com\/wp-content\/uploads\/2023\/05\/santandercendoya2-150x150.png 150w, https:\/\/ideas4allinnovation.com\/wp-content\/uploads\/2023\/05\/santandercendoya2-12x12.png 12w\" sizes=\"(max-width: 400px) 100vw, 400px\" \/>\t\t\t\t\t\t\t\t\t\t\t\t\t<\/div>\n\t\t\t\t<\/div>\n\t\t\t\t<div class=\"elementor-element elementor-element-5f64833d elementor-widget elementor-widget-image\" data-id=\"5f64833d\" data-element_type=\"widget\" data-widget_type=\"image.default\">\n\t\t\t\t<div class=\"elementor-widget-container\">\n\t\t\t\t\t\t\t\t\t\t\t\t\t<img decoding=\"async\" width=\"260\" height=\"75\" src=\"https:\/\/ideas4allinnovation.com\/wp-content\/uploads\/2023\/04\/banco-santander.png\" class=\"attachment-large size-large wp-image-706\" alt=\"banco-santander\" srcset=\"https:\/\/ideas4allinnovation.com\/wp-content\/uploads\/2023\/04\/banco-santander.png 260w, https:\/\/ideas4allinnovation.com\/wp-content\/uploads\/2023\/04\/banco-santander-18x5.png 18w\" sizes=\"(max-width: 260px) 100vw, 260px\" \/>\t\t\t\t\t\t\t\t\t\t\t\t\t<\/div>\n\t\t\t\t<\/div>\n\t\t\t\t\t<\/div>\n\t\t<\/div>\n\t\t\t\t<div class=\"elementor-column elementor-col-50 elementor-inner-column elementor-element elementor-element-3087efa4\" data-id=\"3087efa4\" data-element_type=\"column\">\n\t\t\t<div class=\"elementor-widget-wrap elementor-element-populated\">\n\t\t\t\t\t\t<div class=\"elementor-element elementor-element-467d2fae elementor-widget elementor-widget-heading\" data-id=\"467d2fae\" data-element_type=\"widget\" data-widget_type=\"heading.default\">\n\t\t\t\t<div class=\"elementor-widget-container\">\n\t\t\t<h3 class=\"elementor-heading-title elementor-size-default\">\"Ha sido uno de los drivers de la transformaci\u00f3n interna del banco, un game changer.\"<\/h3>\t\t<\/div>\n\t\t\t\t<\/div>\n\t\t\t\t<div class=\"elementor-element elementor-element-5106c404 elementor-widget elementor-widget-text-editor\" data-id=\"5106c404\" data-element_type=\"widget\" data-widget_type=\"text-editor.default\">\n\t\t\t\t<div class=\"elementor-widget-container\">\n\t\t\t<style>\/*! elementor - v3.20.0 - 13-03-2024 *\/\n.elementor-widget-text-editor.elementor-drop-cap-view-stacked .elementor-drop-cap{background-color:#69727d;color:#fff}.elementor-widget-text-editor.elementor-drop-cap-view-framed .elementor-drop-cap{color:#69727d;border:3px solid;background-color:transparent}.elementor-widget-text-editor:not(.elementor-drop-cap-view-default) .elementor-drop-cap{margin-top:8px}.elementor-widget-text-editor:not(.elementor-drop-cap-view-default) .elementor-drop-cap-letter{width:1em;height:1em}.elementor-widget-text-editor .elementor-drop-cap{float:left;text-align:center;line-height:1;font-size:50px}.elementor-widget-text-editor .elementor-drop-cap-letter{display:inline-block}<\/style>\t\t\t\t<p>\u2013 <strong class=\"et_pb_testimonial_author\">Juan Manuel Cendoya<\/strong><\/p><p>Director General de Comunicaci\u00f3n, Marketing Corporativo y Estudios, Grupo Banco Santander<\/p>\t\t\t\t\t\t<\/div>\n\t\t\t\t<\/div>\n\t\t\t\t\t<\/div>\n\t\t<\/div>\n\t\t\t\t\t<\/div>\n\t\t<\/section>\n\t\t\t\t\t<\/div>\n\t\t<\/div>\n\t\t\t\t\t<\/div>\n\t\t<\/section>\n\t\t\t\t<\/div>","protected":false},"excerpt":{"rendered":"<p>Banco Santander, un banco abierto a sus empleados y clientes. Banco Santander abre su programa corporativo de innovaci\u00f3n a la participaci\u00f3n de sus empleados y clientes. A trav\u00e9s de dos comunidades de innovaci\u00f3n, recaba las ideas de ambos colectivos para impulsar una banca de \u00e9xito m\u00e1s cercana a la sociedad, bajo los valores sencillo, personal [&hellip;]<\/p>","protected":false},"author":1,"featured_media":0,"parent":165,"menu_order":0,"comment_status":"closed","ping_status":"closed","template":"","meta":{"footnotes":""},"class_list":["post-1062","page","type-page","status-publish","hentry","entry"],"_links":{"self":[{"href":"https:\/\/ideas4allinnovation.com\/en\/wp-json\/wp\/v2\/pages\/1062"}],"collection":[{"href":"https:\/\/ideas4allinnovation.com\/en\/wp-json\/wp\/v2\/pages"}],"about":[{"href":"https:\/\/ideas4allinnovation.com\/en\/wp-json\/wp\/v2\/types\/page"}],"author":[{"embeddable":true,"href":"https:\/\/ideas4allinnovation.com\/en\/wp-json\/wp\/v2\/users\/1"}],"replies":[{"embeddable":true,"href":"https:\/\/ideas4allinnovation.com\/en\/wp-json\/wp\/v2\/comments?post=1062"}],"version-history":[{"count":58,"href":"https:\/\/ideas4allinnovation.com\/en\/wp-json\/wp\/v2\/pages\/1062\/revisions"}],"predecessor-version":[{"id":1422,"href":"https:\/\/ideas4allinnovation.com\/en\/wp-json\/wp\/v2\/pages\/1062\/revisions\/1422"}],"up":[{"embeddable":true,"href":"https:\/\/ideas4allinnovation.com\/en\/wp-json\/wp\/v2\/pages\/165"}],"wp:attachment":[{"href":"https:\/\/ideas4allinnovation.com\/en\/wp-json\/wp\/v2\/media?parent=1062"}],"curies":[{"name":"wp","href":"https:\/\/api.w.org\/{rel}","templated":true}]}}