{"id":1108,"date":"2023-05-04T16:49:13","date_gmt":"2023-05-04T14:49:13","guid":{"rendered":"http:\/\/opyhrca.cluster028.hosting.ovh.net\/?page_id=1108"},"modified":"2023-11-21T17:17:56","modified_gmt":"2023-11-21T16:17:56","slug":"politica-de-privacidad","status":"publish","type":"page","link":"https:\/\/ideas4allinnovation.com\/en\/politica-de-privacidad\/","title":{"rendered":"Pol\u00edtica de privacidad"},"content":{"rendered":"<p><strong>Informaci\u00f3n relativa al Tratamiento de sus datos personales<\/strong><\/p>\n\n\n\n<p>De conformidad con la normativa vigente, le informamos que sus datos personales ser\u00e1n tratados en calidad de responsable del tratamiento por GLOBAL IDEAS 4 ALL S.L. (en adelante, \u201cIDEAS4ALL INNOVATION\u201d) con el fin de mantener contacto profesional y el env\u00edo de newsletters informativas e invitaciones a nuestros Desayunos de innovaci\u00f3n, eventos de innovaci\u00f3n y transformaci\u00f3n digital, charlas y talleres que puedan ser de su inter\u00e9s.<\/p>\n\n\n\n<p>Complementariamente, para la satisfacci\u00f3n de los intereses leg\u00edtimos de IDEAS4ALL INNOVATION, siempre que sobre estos no prevalezcan otros derechos del Usuario, sus datos ser\u00e1n tratados para el control de calidad de los servicios, el env\u00edo de comunicaciones comerciales (newsletters informativas), incluso por medios electr\u00f3nicos, as\u00ed como la elaboraci\u00f3n de perfiles basados en la informaci\u00f3n facilitada por el Usuario o derivada de la prestaci\u00f3n de los servicios para poder ofrecerle productos y servicios de acuerdo con sus intereses, as\u00ed como mejorar su experiencia de Usuario. El Usuario podr\u00e1 oponerse a estos tratamientos en cualquier momento, ejercitando su derecho en la forma indicada en el apartado relativo a los Derechos del titular de los datos.<\/p>\n\n\n\n<p>IDEAS4ALL INNOVATION \u00fanicamente destinar\u00e1 los datos de car\u00e1cter personal de sus usuarios a los fines mencionados. En caso de que la informaci\u00f3n fuera utilizada para un fin diferente, IDEAS4ALL INNOVATION solicitar\u00e1 el consentimiento previo del usuario titular de la informaci\u00f3n personal.<\/p>\n\n\n\n<p><strong>Plazos de conservaci\u00f3n<\/strong><\/p>\n\n\n\n<p>Los datos personales ser\u00e1n conservados durante la vigencia de la relaci\u00f3n contractual (alta en el servicio) y como m\u00e1ximo, durante el plazo de prescripci\u00f3n de las acciones legales correspondiente, salvo que el Usuario autorice su tratamiento por un plazo superior para finalidades concretas, aplic\u00e1ndose desde el comienzo del tratamiento medidas organizativas y de seguridad para garantizar la integridad, confidencialidad, disponibilidad y resiliencia de los datos personales. Los datos empleados para la elaboraci\u00f3n de perfiles tendr\u00e1n una antig\u00fcedad m\u00e1xima de un a\u00f1o.<\/p>\n\n\n\n<p><strong>Comunicaciones y destinatarios de los datos personales<\/strong><\/p>\n\n\n\n<p>No est\u00e1 prevista la comunicaci\u00f3n de sus datos a terceros. En caso de que IDEAS4ALL INNOVATION decida comunicar los datos de car\u00e1cter personal, los Usuarios titulares de los mismos ser\u00e1n informados expl\u00edcitamente de la finalidad, los datos cedidos y el nombre y direcci\u00f3n del cesionario, para que preste su consentimiento expreso e inequ\u00edvoco a este respecto.<\/p>\n\n\n\n<p><strong>Derechos del titular de los datos<\/strong><\/p>\n\n\n\n<p>El Usuario contar\u00e1, en todo momento, con la posibilidad de ejercitar de forma libre y completamente gratuita los siguientes derechos:<\/p>\n\n\n\n<p>\u2013&nbsp;Acceder a sus datos personales que son tratados por parte de IDEAS4ALL INNOVATION.<br>\u2013&nbsp;Rectificar sus datos personales que son tratados por parte de IDEAS4ALL INNOVATION que resulten inexactos o incompletos.<br>\u2013&nbsp;Suprimir sus datos personales que son tratados por parte de IDEAS4ALL INNOVATION.<br>\u2013&nbsp;Limitar el tratamiento por parte de IDEAS4ALL INNOVATION de todos o parte de sus datos personales.<br>\u2013&nbsp;Oponerse a determinados tratamientos y adopci\u00f3n de decisiones automatizadas de sus datos personales, requiriendo la intervenci\u00f3n humana en el proceso, as\u00ed como a impugnar las decisiones que sean finalmente adoptadas en virtud del tratamiento de sus datos.<br>\u2013&nbsp;Portar sus datos personales en un formato interoperable y autosuficiente.<br>\u2013&nbsp;Retirar, en cualquier momento, los consentimientos otorgados previamente.<\/p>\n\n\n\n<p>De conformidad con la normativa vigente, el usuario puede ejercer sus derechos solicit\u00e1ndolo por escrito, y junto a una copia de documento que acredite su identidad, en la siguiente direcci\u00f3n postal: C\/ Salustiano Olozaga 14, 28001, Madrid, o en el<br>correo electr\u00f3nico privacidad@ideas4allinnovation.com.<\/p>\n\n\n\n<p>Igualmente, podr\u00e1 ponerse en contacto con el delegado de protecci\u00f3n de datos de IDEAS4ALL INNOVATION, en la siguiente direcci\u00f3n postal: C\/ Salustiano Olozaga 14, 28001, Madrid, o en el correo electr\u00f3nico privacidad@ideas4allinnovation.com, en el caso de que entienda vulnerado alguno de sus derechos relacionados con la protecci\u00f3n de datos, o en su caso, interponer una reclamaci\u00f3n ante la Agencia Espa\u00f1ola de Protecci\u00f3n de Datos en la direcci\u00f3n Calle Jorge Juan, N\u00ba 6, 28001, Madrid.<\/p>","protected":false},"excerpt":{"rendered":"<p>Informaci\u00f3n relativa al Tratamiento de sus datos personales De conformidad con la normativa vigente, le informamos que sus datos personales ser\u00e1n tratados en calidad de responsable del tratamiento por GLOBAL IDEAS 4 ALL S.L. (en adelante, \u201cIDEAS4ALL INNOVATION\u201d) con el fin de mantener contacto profesional y el env\u00edo de newsletters informativas e invitaciones a nuestros [&hellip;]<\/p>","protected":false},"author":1,"featured_media":0,"parent":0,"menu_order":0,"comment_status":"closed","ping_status":"closed","template":"","meta":{"footnotes":""},"class_list":["post-1108","page","type-page","status-publish","hentry","entry"],"_links":{"self":[{"href":"https:\/\/ideas4allinnovation.com\/en\/wp-json\/wp\/v2\/pages\/1108"}],"collection":[{"href":"https:\/\/ideas4allinnovation.com\/en\/wp-json\/wp\/v2\/pages"}],"about":[{"href":"https:\/\/ideas4allinnovation.com\/en\/wp-json\/wp\/v2\/types\/page"}],"author":[{"embeddable":true,"href":"https:\/\/ideas4allinnovation.com\/en\/wp-json\/wp\/v2\/users\/1"}],"replies":[{"embeddable":true,"href":"https:\/\/ideas4allinnovation.com\/en\/wp-json\/wp\/v2\/comments?post=1108"}],"version-history":[{"count":2,"href":"https:\/\/ideas4allinnovation.com\/en\/wp-json\/wp\/v2\/pages\/1108\/revisions"}],"predecessor-version":[{"id":2190,"href":"https:\/\/ideas4allinnovation.com\/en\/wp-json\/wp\/v2\/pages\/1108\/revisions\/2190"}],"wp:attachment":[{"href":"https:\/\/ideas4allinnovation.com\/en\/wp-json\/wp\/v2\/media?parent=1108"}],"curies":[{"name":"wp","href":"https:\/\/api.w.org\/{rel}","templated":true}]}}