{"id":12454,"date":"2025-05-13T16:24:05","date_gmt":"2025-05-13T14:24:05","guid":{"rendered":"http:\/\/ideas4allinnovation.com\/?page_id=12454"},"modified":"2025-05-13T17:12:03","modified_gmt":"2025-05-13T15:12:03","slug":"convocatoria-junta-general-2025","status":"publish","type":"page","link":"https:\/\/ideas4allinnovation.com\/en\/convocatoria-junta-general-2025\/","title":{"rendered":"Convocatoria Junta General 2025"},"content":{"rendered":"<div data-elementor-type=\"wp-page\" data-elementor-id=\"12454\" class=\"elementor elementor-12454\" data-elementor-post-type=\"page\">\n\t\t\t\t\t\t<section class=\"elementor-section elementor-top-section elementor-element elementor-element-e287acd elementor-section-boxed elementor-section-height-default elementor-section-height-default wpr-particle-no wpr-jarallax-no wpr-parallax-no wpr-sticky-section-no\" data-id=\"e287acd\" data-element_type=\"section\">\n\t\t\t\t\t\t<div class=\"elementor-container elementor-column-gap-default\">\n\t\t\t\t\t<div class=\"elementor-column elementor-col-100 elementor-top-column elementor-element elementor-element-894e24e\" data-id=\"894e24e\" data-element_type=\"column\">\n\t\t\t<div class=\"elementor-widget-wrap elementor-element-populated\">\n\t\t\t\t\t\t<div class=\"elementor-element elementor-element-80d7619 elementor-widget elementor-widget-text-editor\" data-id=\"80d7619\" data-element_type=\"widget\" data-widget_type=\"text-editor.default\">\n\t\t\t\t<div class=\"elementor-widget-container\">\n\t\t\t<style>\/*! elementor - v3.20.0 - 13-03-2024 *\/\n.elementor-widget-text-editor.elementor-drop-cap-view-stacked .elementor-drop-cap{background-color:#69727d;color:#fff}.elementor-widget-text-editor.elementor-drop-cap-view-framed .elementor-drop-cap{color:#69727d;border:3px solid;background-color:transparent}.elementor-widget-text-editor:not(.elementor-drop-cap-view-default) .elementor-drop-cap{margin-top:8px}.elementor-widget-text-editor:not(.elementor-drop-cap-view-default) .elementor-drop-cap-letter{width:1em;height:1em}.elementor-widget-text-editor .elementor-drop-cap{float:left;text-align:center;line-height:1;font-size:50px}.elementor-widget-text-editor .elementor-drop-cap-letter{display:inline-block}<\/style>\t\t\t\t<p><strong>CONVOCATORIA DE JUNTA GENERAL EXTRAORDINARIA DE SOCIOS<\/strong><\/p><p><strong>GLOBAL IDEAS 4 ALL, S.L.<\/strong><br \/><strong>C.I.F.\u00a0 B84741842<\/strong>\u00a0\u00a0 <br \/><strong>Domicilio social: C\/ Espronceda 27\u00a0<\/strong><\/p><p>De conformidad con lo previsto en el <strong>art\u00edculo 173<\/strong> y concordantes del Real Decreto Legislativo 1\/2010, de 2 de julio, por el que se aprueba el <strong>Texto Refundido de la Ley de Sociedades de Capital<\/strong>, y seg\u00fan lo dispuesto en el art\u00edculo 11 bis del mismo cuerpo legal, el \u00f3rgano de administraci\u00f3n ha acordado convocar <strong>Junta General Extraordinaria de socios<\/strong>, que se celebrar\u00e1 v\u00eda telem\u00e1tica a trav\u00e9s del siguiente <span style=\"color: #0000ff;\"><a style=\"color: #0000ff;\" href=\"https:\/\/meet.google.com\/wxp-cdse-chf\" target=\"_blank\" rel=\"noopener\">enlace<\/a><\/span>, el pr\u00f3ximo d\u00eda <strong>29 de mayo<\/strong>, a las 11:30h, en primera convocatoria, y a las 12.30h en segunda convocatoria, si procediere, con arreglo al siguiente:<\/p><p><strong>ORDEN DEL D\u00cdA<\/strong><\/p><p><strong>Primero.<\/strong> Examen de la situaci\u00f3n econ\u00f3mico-financiera de la sociedad.<br \/>Acuerdo, en su caso, de comunicaci\u00f3n al Juzgado de lo Mercantil de Madrid de la apertura de negociaciones con los acreedores, al amparo del art\u00edculo 585 del Texto Refundido de la Ley Concursal.<\/p><p><strong>Segundo.<\/strong> Delegaci\u00f3n de facultades al administrador \u00fanico para, en caso de no alcanzarse un acuerdo con los acreedores o agravarse la situaci\u00f3n econ\u00f3mica de la sociedad, presentar solicitud de concurso voluntario de acreedores, conforme a los art\u00edculos 5 y 6 del Texto Refundido de la Ley Concursal.\u00a0\u00a0 Delegaci\u00f3n de facultades tambi\u00e9n, para el nombramiento de abogados y procuradores para formalizar los presentes tr\u00e1mites en el Juzgado de lo Mercantil correspondiente.\u00a0<\/p><p><strong>Tercero.<\/strong> Ruegos y preguntas.<\/p><p><strong>Cuarto.<\/strong> Redacci\u00f3n, lectura y aprobaci\u00f3n del acta de la sesi\u00f3n.<\/p><p><strong>DERECHO DE INFORMACI\u00d3N<\/strong><\/p><p>Desde la publicaci\u00f3n de la presente convocatoria, los socios tendr\u00e1n derecho a examinar en el domicilio social y a solicitar la entrega o env\u00edo gratuito de los documentos que ser\u00e1n sometidos a la deliberaci\u00f3n de la Junta, de conformidad con lo establecido en el <strong>art\u00edculo 196 LSC<\/strong>.<\/p><p><strong>Madrid a 13 de mayo de 2025<\/strong><\/p><p><strong>Fdo.:<\/strong><br \/>Paula Casimiro<br \/>Administrador \u00danico de GLOBAL IDEAS 4 ALL, S.L.<\/p>\t\t\t\t\t\t<\/div>\n\t\t\t\t<\/div>\n\t\t\t\t\t<\/div>\n\t\t<\/div>\n\t\t\t\t\t<\/div>\n\t\t<\/section>\n\t\t\t\t<\/div>","protected":false},"excerpt":{"rendered":"<p>CONVOCATORIA DE JUNTA GENERAL EXTRAORDINARIA DE SOCIOS GLOBAL IDEAS 4 ALL, S.L.C.I.F.\u00a0 B84741842\u00a0\u00a0 Domicilio social: C\/ Espronceda 27\u00a0 De conformidad con lo previsto en el art\u00edculo 173 y concordantes del Real Decreto Legislativo 1\/2010, de 2 de julio, por el que se aprueba el Texto Refundido de la Ley de Sociedades de Capital, y seg\u00fan [&hellip;]<\/p>","protected":false},"author":1,"featured_media":0,"parent":0,"menu_order":0,"comment_status":"closed","ping_status":"closed","template":"","meta":{"footnotes":""},"class_list":["post-12454","page","type-page","status-publish","hentry","entry"],"_links":{"self":[{"href":"https:\/\/ideas4allinnovation.com\/en\/wp-json\/wp\/v2\/pages\/12454"}],"collection":[{"href":"https:\/\/ideas4allinnovation.com\/en\/wp-json\/wp\/v2\/pages"}],"about":[{"href":"https:\/\/ideas4allinnovation.com\/en\/wp-json\/wp\/v2\/types\/page"}],"author":[{"embeddable":true,"href":"https:\/\/ideas4allinnovation.com\/en\/wp-json\/wp\/v2\/users\/1"}],"replies":[{"embeddable":true,"href":"https:\/\/ideas4allinnovation.com\/en\/wp-json\/wp\/v2\/comments?post=12454"}],"version-history":[{"count":16,"href":"https:\/\/ideas4allinnovation.com\/en\/wp-json\/wp\/v2\/pages\/12454\/revisions"}],"predecessor-version":[{"id":12781,"href":"https:\/\/ideas4allinnovation.com\/en\/wp-json\/wp\/v2\/pages\/12454\/revisions\/12781"}],"wp:attachment":[{"href":"https:\/\/ideas4allinnovation.com\/en\/wp-json\/wp\/v2\/media?parent=12454"}],"curies":[{"name":"wp","href":"https:\/\/api.w.org\/{rel}","templated":true}]}}