{"id":915,"date":"2023-05-03T17:19:48","date_gmt":"2023-05-03T15:19:48","guid":{"rendered":"http:\/\/opyhrca.cluster028.hosting.ovh.net\/?page_id=915"},"modified":"2023-05-04T14:02:27","modified_gmt":"2023-05-04T12:02:27","slug":"ebook-como-captar-insights","status":"publish","type":"page","link":"https:\/\/ideas4allinnovation.com\/en\/recursos\/ebook-como-captar-insights\/","title":{"rendered":"ebook Como captar insights"},"content":{"rendered":"<div data-elementor-type=\"wp-page\" data-elementor-id=\"915\" class=\"elementor elementor-915\" data-elementor-post-type=\"page\">\n\t\t\t\t\t\t<section class=\"elementor-section elementor-top-section elementor-element elementor-element-7ed650f elementor-section-boxed elementor-section-height-default elementor-section-height-default wpr-particle-no wpr-jarallax-no wpr-parallax-no wpr-sticky-section-no\" data-id=\"7ed650f\" data-element_type=\"section\" data-settings=\"{&quot;background_background&quot;:&quot;classic&quot;}\">\n\t\t\t\t\t\t<div class=\"elementor-container elementor-column-gap-default\">\n\t\t\t\t\t<div class=\"elementor-column elementor-col-50 elementor-top-column elementor-element elementor-element-79de074\" data-id=\"79de074\" data-element_type=\"column\">\n\t\t\t<div class=\"elementor-widget-wrap elementor-element-populated\">\n\t\t\t\t\t\t<div class=\"elementor-element elementor-element-6b12656 elementor-widget elementor-widget-heading\" data-id=\"6b12656\" data-element_type=\"widget\" data-widget_type=\"heading.default\">\n\t\t\t\t<div class=\"elementor-widget-container\">\n\t\t\t<style>\/*! elementor - v3.20.0 - 13-03-2024 *\/\n.elementor-heading-title{padding:0;margin:0;line-height:1}.elementor-widget-heading .elementor-heading-title[class*=elementor-size-]>a{color:inherit;font-size:inherit;line-height:inherit}.elementor-widget-heading .elementor-heading-title.elementor-size-small{font-size:15px}.elementor-widget-heading .elementor-heading-title.elementor-size-medium{font-size:19px}.elementor-widget-heading .elementor-heading-title.elementor-size-large{font-size:29px}.elementor-widget-heading .elementor-heading-title.elementor-size-xl{font-size:39px}.elementor-widget-heading .elementor-heading-title.elementor-size-xxl{font-size:59px}<\/style><h2 class=\"elementor-heading-title elementor-size-default\">C\u00f3mo impulsar la cocreaci\u00f3n\ny recogida de insights de consumidores<\/h2>\t\t<\/div>\n\t\t\t\t<\/div>\n\t\t\t\t<div class=\"elementor-element elementor-element-276fbb8 elementor-widget elementor-widget-heading\" data-id=\"276fbb8\" data-element_type=\"widget\" data-widget_type=\"heading.default\">\n\t\t\t\t<div class=\"elementor-widget-container\">\n\t\t\t<h3 class=\"elementor-heading-title elementor-size-default\">M\u00e1s del 70% de los productos que se lanzan cada a\u00f1o al mercado fracasan. Nuestro ebook de cocreaci\u00f3n con consumidores muestra c\u00f3mo reducir este riesgo, conocer las \u00faltimas tendencias del mercado y fidelizar al cliente no s\u00f3lo con productos, sino tambi\u00e9n con nuevas experiencias de interacci\u00f3n con una marca.<\/h3>\t\t<\/div>\n\t\t\t\t<\/div>\n\t\t\t\t\t<\/div>\n\t\t<\/div>\n\t\t\t\t<div class=\"elementor-column elementor-col-50 elementor-top-column elementor-element elementor-element-5a2811a\" data-id=\"5a2811a\" data-element_type=\"column\">\n\t\t\t<div class=\"elementor-widget-wrap elementor-element-populated\">\n\t\t\t\t\t\t<div class=\"elementor-element elementor-element-9ab2d85 elementor-widget elementor-widget-image\" data-id=\"9ab2d85\" data-element_type=\"widget\" data-widget_type=\"image.default\">\n\t\t\t\t<div class=\"elementor-widget-container\">\n\t\t\t<style>\/*! elementor - v3.20.0 - 13-03-2024 *\/\n.elementor-widget-image{text-align:center}.elementor-widget-image a{display:inline-block}.elementor-widget-image a img[src$=\".svg\"]{width:48px}.elementor-widget-image img{vertical-align:middle;display:inline-block}<\/style>\t\t\t\t\t\t\t\t\t\t<img fetchpriority=\"high\" decoding=\"async\" width=\"600\" height=\"400\" src=\"https:\/\/ideas4allinnovation.com\/wp-content\/uploads\/2023\/05\/ebook-cocreacion.jpg\" class=\"attachment-large size-large wp-image-869\" alt=\"ebook-cocreacion\" srcset=\"https:\/\/ideas4allinnovation.com\/wp-content\/uploads\/2023\/05\/ebook-cocreacion.jpg 600w, https:\/\/ideas4allinnovation.com\/wp-content\/uploads\/2023\/05\/ebook-cocreacion-300x200.jpg 300w, https:\/\/ideas4allinnovation.com\/wp-content\/uploads\/2023\/05\/ebook-cocreacion-18x12.jpg 18w\" sizes=\"(max-width: 600px) 100vw, 600px\" \/>\t\t\t\t\t\t\t\t\t\t\t\t\t<\/div>\n\t\t\t\t<\/div>\n\t\t\t\t\t<\/div>\n\t\t<\/div>\n\t\t\t\t\t<\/div>\n\t\t<\/section>\n\t\t\t\t<section class=\"elementor-section elementor-top-section elementor-element elementor-element-ccd438e elementor-reverse-mobile elementor-section-boxed elementor-section-height-default elementor-section-height-default wpr-particle-no wpr-jarallax-no wpr-parallax-no wpr-sticky-section-no\" data-id=\"ccd438e\" data-element_type=\"section\">\n\t\t\t\t\t\t<div class=\"elementor-container elementor-column-gap-default\">\n\t\t\t\t\t<div class=\"elementor-column elementor-col-50 elementor-top-column elementor-element elementor-element-9055a18\" data-id=\"9055a18\" data-element_type=\"column\">\n\t\t\t<div class=\"elementor-widget-wrap elementor-element-populated\">\n\t\t\t\t\t\t<div class=\"elementor-element elementor-element-bbe2382 elementor-widget elementor-widget-text-editor\" data-id=\"bbe2382\" data-element_type=\"widget\" data-widget_type=\"text-editor.default\">\n\t\t\t\t<div class=\"elementor-widget-container\">\n\t\t\t<style>\/*! elementor - v3.20.0 - 13-03-2024 *\/\n.elementor-widget-text-editor.elementor-drop-cap-view-stacked .elementor-drop-cap{background-color:#69727d;color:#fff}.elementor-widget-text-editor.elementor-drop-cap-view-framed .elementor-drop-cap{color:#69727d;border:3px solid;background-color:transparent}.elementor-widget-text-editor:not(.elementor-drop-cap-view-default) .elementor-drop-cap{margin-top:8px}.elementor-widget-text-editor:not(.elementor-drop-cap-view-default) .elementor-drop-cap-letter{width:1em;height:1em}.elementor-widget-text-editor .elementor-drop-cap{float:left;text-align:center;line-height:1;font-size:50px}.elementor-widget-text-editor .elementor-drop-cap-letter{display:inline-block}<\/style>\t\t\t\t<p>El uso de comunidades de cocreaci\u00f3n con clientes hace posible que una marca conozca con precisi\u00f3n el estado del arte de su mercado, al preguntar a gran escala a sus clientes y a otros potenciales sobre todas aquellas cuestiones que le son de inter\u00e9s. Nuestro ebook expone c\u00f3mo estas comunidades permiten implicar a los consumidores en la cocreaci\u00f3n de la propia marca y de su oferta, al ofrecer un canal novedoso donde interactuar y fidelizar a grandes audiencias mediante una experiencia memorable, que ofrece valor al consumidor m\u00e1s all\u00e1 del hecho de consumir un producto o servicio.<br \/>En el ebook gratuito te contamos c\u00f3mo impulsar una comunidad de cocreaci\u00f3n con consumidores y dem\u00e1s colectivos que t\u00fa elijas. Asimismo profundizamos sobre los procesos y buenas pr\u00e1cticas necesarias de cara a obtener sus insights, ideas e informaci\u00f3n de valor con la que crecer en tu mercado, renovar tu portafolio de productos y servicios y ofrecer una experiencia de usuarios innovadora y diferencial con la que atraer y fidelizar a tus clientes.<br \/>Descarga el ebook. Haz crecer tu organizaci\u00f3n junto a tus clientes.<\/p>\t\t\t\t\t\t<\/div>\n\t\t\t\t<\/div>\n\t\t\t\t\t<\/div>\n\t\t<\/div>\n\t\t\t\t<div class=\"elementor-column elementor-col-50 elementor-top-column elementor-element elementor-element-8e2288a\" data-id=\"8e2288a\" data-element_type=\"column\">\n\t\t\t<div class=\"elementor-widget-wrap elementor-element-populated\">\n\t\t\t\t\t\t<div class=\"elementor-element elementor-element-3dbc316 elementor-widget elementor-widget-shortcode\" data-id=\"3dbc316\" data-element_type=\"widget\" data-widget_type=\"shortcode.default\">\n\t\t\t\t<div class=\"elementor-widget-container\">\n\t\t\t\t\t<div class=\"elementor-shortcode\"><div class=\"wpcf7 no-js\" id=\"wpcf7-f878-o1\" lang=\"es-ES\" dir=\"ltr\">\n<div class=\"screen-reader-response\">\n<p role=\"status\" aria-live=\"polite\" aria-atomic=\"true\"><\/p> <ul><\/ul>\n<\/div>\n<form action=\"\/en\/wp-json\/wp\/v2\/pages\/915#wpcf7-f878-o1\" method=\"post\" class=\"wpcf7-form init\" aria-label=\"Formulario de contacto\" novalidate=\"novalidate\" data-status=\"init\" data-trp-original-action=\"\/en\/wp-json\/wp\/v2\/pages\/915#wpcf7-f878-o1\">\n<label class=\"ebd_input\"><input type=\"hidden\" name=\"ebd_downloads[]\" value=\"917|ebook Como captar insights\"> <\/label><input type=\"hidden\" class=\"ebd_setting\" name=\"ebd_settings[]\" value=\"title|ebook Como captar insights\"><input type=\"hidden\" class=\"ebd_setting\" name=\"ebd_settings[]\" value=\"delivered_as|send email\"><input type=\"hidden\" class=\"ebd_setting\" name=\"ebd_settings[]\" value=\"hide_form|no\"><input type=\"hidden\" class=\"ebd_setting\" name=\"ebd_settings[]\" value=\"radio|no\"><input type=\"hidden\" class=\"ebd_setting\" name=\"ebd_settings[]\" value=\"link_format|_blank\"><input type=\"hidden\" class=\"ebd_setting\" name=\"ebd_settings[]\" value=\"file_thumbnail|no\"><input type=\"hidden\" class=\"ebd_setting\" name=\"ebd_settings[]\" value=\"item_id|7\"><input type=\"hidden\" class=\"ebd_setting\" name=\"ebd_settings[]\" value=\"form_id|wpcf7-f878-o1\"><div style=\"display: none;\">\n<input type=\"hidden\" name=\"_wpcf7\" value=\"878\">\n<input type=\"hidden\" name=\"_wpcf7_version\" value=\"5.7.3\">\n<input type=\"hidden\" name=\"_wpcf7_locale\" value=\"es_ES\">\n<input type=\"hidden\" name=\"_wpcf7_unit_tag\" value=\"wpcf7-f878-o1\">\n<input type=\"hidden\" name=\"_wpcf7_container_post\" value=\"0\">\n<input type=\"hidden\" name=\"_wpcf7_posted_data_hash\" value=\"\">\n<\/div>\n<p><label> Nombre *<br>\n<span class=\"wpcf7-form-control-wrap\" data-name=\"your-name\"><input size=\"40\" class=\"wpcf7-form-control wpcf7-text wpcf7-validates-as-required\" aria-required=\"true\" aria-invalid=\"false\" value=\"\" type=\"text\" name=\"your-name\"><\/span> <\/label>\n<\/p>\n<p><label> Empresa *<br>\n<span class=\"wpcf7-form-control-wrap\" data-name=\"your-company\"><input size=\"40\" class=\"wpcf7-form-control wpcf7-text wpcf7-validates-as-required\" aria-required=\"true\" aria-invalid=\"false\" value=\"\" type=\"text\" name=\"your-company\"><\/span> <\/label>\n<\/p>\n<p><label> Correo electr&oacute;nico de empresa *<br>\n<span class=\"wpcf7-form-control-wrap\" data-name=\"your-email\"><input size=\"40\" class=\"wpcf7-form-control wpcf7-text wpcf7-email wpcf7-validates-as-required wpcf7-validates-as-email\" aria-required=\"true\" aria-invalid=\"false\" value=\"\" type=\"email\" name=\"your-email\"><\/span> <\/label>\n<\/p>\n<p><label> Cargo *<br>\n<span class=\"wpcf7-form-control-wrap\" data-name=\"text-389\"><input size=\"40\" class=\"wpcf7-form-control wpcf7-text\" aria-invalid=\"false\" value=\"\" type=\"text\" name=\"text-389\"><\/span><\/label>\n<\/p>\n<p><label> Tel&eacute;fono<br>\n<span class=\"wpcf7-form-control-wrap\" data-name=\"tel-121\"><input size=\"40\" class=\"wpcf7-form-control wpcf7-text wpcf7-tel wpcf7-validates-as-tel\" aria-invalid=\"false\" value=\"\" type=\"tel\" name=\"tel-121\"><\/span> <\/label>\n<\/p>\n<p><label><br>\n<span class=\"wpcf7-form-control-wrap\" data-name=\"checkbox-889\"><span class=\"wpcf7-form-control wpcf7-checkbox\"><span class=\"wpcf7-list-item first last\"><input type=\"checkbox\" name=\"checkbox-889[]\" value=\"Acepto la pol&iacute;tica de privacidad\" tabindex=\"\"><span class=\"wpcf7-list-item-label\">Acepto la pol&iacute;tica de privacidad<\/span><\/span><\/span><\/span><\/label>\n<\/p>\n<p><input class=\"wpcf7-form-control has-spinner wpcf7-submit\" type=\"submit\" value=\"Descargar pdf\">\n<\/p>\n<p><script>\n document.getElementsByClassName(\"wpcf7-submit\")[0].addEventListener(\"click\", sendEvent);\n function sendEvent() {\n ga('send', 'event', 'casestudyES', 'descargar');\n }\n<\/script>\n<\/p>\n<div class=\"wpcf7-response-output\" aria-hidden=\"true\"><\/div>\n<input type=\"hidden\" name=\"trp-form-language\" value=\"en\"\/><\/form>\n<\/div>\n<\/div>\n\t\t\t\t<\/div>\n\t\t\t\t<\/div>\n\t\t\t\t\t<\/div>\n\t\t<\/div>\n\t\t\t\t\t<\/div>\n\t\t<\/section>\n\t\t\t\t<\/div>","protected":false},"excerpt":{"rendered":"<p>C\u00f3mo impulsar la cocreaci\u00f3n y recogida de insights de consumidores M\u00e1s del 70% de los productos que se lanzan cada a\u00f1o al mercado fracasan. Nuestro ebook de cocreaci\u00f3n con consumidores muestra c\u00f3mo reducir este riesgo, conocer las \u00faltimas tendencias del mercado y fidelizar al cliente no s\u00f3lo con productos, sino tambi\u00e9n con nuevas experiencias de [&hellip;]<\/p>","protected":false},"author":1,"featured_media":0,"parent":166,"menu_order":0,"comment_status":"closed","ping_status":"closed","template":"","meta":{"footnotes":""},"class_list":["post-915","page","type-page","status-publish","hentry","entry"],"_links":{"self":[{"href":"https:\/\/ideas4allinnovation.com\/en\/wp-json\/wp\/v2\/pages\/915"}],"collection":[{"href":"https:\/\/ideas4allinnovation.com\/en\/wp-json\/wp\/v2\/pages"}],"about":[{"href":"https:\/\/ideas4allinnovation.com\/en\/wp-json\/wp\/v2\/types\/page"}],"author":[{"embeddable":true,"href":"https:\/\/ideas4allinnovation.com\/en\/wp-json\/wp\/v2\/users\/1"}],"replies":[{"embeddable":true,"href":"https:\/\/ideas4allinnovation.com\/en\/wp-json\/wp\/v2\/comments?post=915"}],"version-history":[{"count":7,"href":"https:\/\/ideas4allinnovation.com\/en\/wp-json\/wp\/v2\/pages\/915\/revisions"}],"predecessor-version":[{"id":1016,"href":"https:\/\/ideas4allinnovation.com\/en\/wp-json\/wp\/v2\/pages\/915\/revisions\/1016"}],"up":[{"embeddable":true,"href":"https:\/\/ideas4allinnovation.com\/en\/wp-json\/wp\/v2\/pages\/166"}],"wp:attachment":[{"href":"https:\/\/ideas4allinnovation.com\/en\/wp-json\/wp\/v2\/media?parent=915"}],"curies":[{"name":"wp","href":"https:\/\/api.w.org\/{rel}","templated":true}]}}